{"id":1208,"date":"2025-05-19T08:33:59","date_gmt":"2025-05-19T12:33:59","guid":{"rendered":"https:\/\/rocketai.lat\/?page_id=1208"},"modified":"2025-05-19T08:39:05","modified_gmt":"2025-05-19T12:39:05","slug":"blog","status":"publish","type":"page","link":"https:\/\/rocketai.online\/es\/blog\/","title":{"rendered":"Blog"},"content":{"rendered":"\t\t<div data-elementor-type=\"wp-page\" data-elementor-id=\"1208\" class=\"elementor elementor-1208\" data-elementor-post-type=\"page\">\n\t\t\t\t<div class=\"elementor-element elementor-element-f97af24 e-flex e-con-boxed e-con e-parent\" data-id=\"f97af24\" data-element_type=\"container\">\n\t\t\t\t\t<div class=\"e-con-inner\">\n\t\t\t\t<div class=\"elementor-element elementor-element-8604137 elementor-invisible elementor-widget elementor-widget-heading\" data-id=\"8604137\" data-element_type=\"widget\" data-settings=\"{&quot;_animation&quot;:&quot;fadeInUp&quot;}\" data-widget_type=\"heading.default\">\n\t\t\t\t<div class=\"elementor-widget-container\">\n\t\t\t\t\t<h2 class=\"elementor-heading-title elementor-size-default\">Blog<\/h2>\t\t\t\t<\/div>\n\t\t\t\t<\/div>\n\t\t\t\t\t<\/div>\n\t\t\t\t<\/div>\n\t\t<div class=\"elementor-element elementor-element-c9acfc1 e-flex e-con-boxed e-con e-parent\" data-id=\"c9acfc1\" data-element_type=\"container\">\n\t\t\t\t\t<div class=\"e-con-inner\">\n\t\t\t\t<div class=\"elementor-element elementor-element-89142be elementor-posts--align-center elementor-grid-3 elementor-grid-tablet-2 elementor-grid-mobile-1 elementor-posts--thumbnail-top elementor-widget elementor-widget-posts\" data-id=\"89142be\" data-element_type=\"widget\" data-settings=\"{&quot;classic_columns&quot;:&quot;3&quot;,&quot;classic_columns_tablet&quot;:&quot;2&quot;,&quot;classic_columns_mobile&quot;:&quot;1&quot;,&quot;classic_row_gap&quot;:{&quot;unit&quot;:&quot;px&quot;,&quot;size&quot;:35,&quot;sizes&quot;:[]},&quot;classic_row_gap_tablet&quot;:{&quot;unit&quot;:&quot;px&quot;,&quot;size&quot;:&quot;&quot;,&quot;sizes&quot;:[]},&quot;classic_row_gap_mobile&quot;:{&quot;unit&quot;:&quot;px&quot;,&quot;size&quot;:&quot;&quot;,&quot;sizes&quot;:[]}}\" data-widget_type=\"posts.classic\">\n\t\t\t\t<div class=\"elementor-widget-container\">\n\t\t\t\t\t\t\t<div class=\"elementor-posts-container elementor-posts elementor-posts--skin-classic elementor-grid\">\n\t\t\t\t<article class=\"elementor-post elementor-grid-item post-1192 post type-post status-publish format-standard has-post-thumbnail hentry category-uncategorized\">\n\t\t\t\t<a class=\"elementor-post__thumbnail__link\" href=\"https:\/\/rocketai.online\/es\/como-los-consultorios-medicos-estan-reduciendo-cancelaciones-integrando-automatizacion-en-apps-de-mensajeria-whatsapp-messenger-e-instagram\/\" tabindex=\"-1\" target=&quot;_blank&quot;>\n\t\t\t<div class=\"elementor-post__thumbnail\"><img fetchpriority=\"high\" decoding=\"async\" width=\"300\" height=\"214\" src=\"https:\/\/rocketai.online\/wp-content\/uploads\/2025\/05\/Imagen-Web-RocketAI-1920-x-300-px-454-x-324-px-300x214.png\" class=\"attachment-medium size-medium wp-image-1203\" alt=\"\" srcset=\"https:\/\/rocketai.online\/wp-content\/uploads\/2025\/05\/Imagen-Web-RocketAI-1920-x-300-px-454-x-324-px-300x214.png 300w, https:\/\/rocketai.online\/wp-content\/uploads\/2025\/05\/Imagen-Web-RocketAI-1920-x-300-px-454-x-324-px-18x12.png 18w, https:\/\/rocketai.online\/wp-content\/uploads\/2025\/05\/Imagen-Web-RocketAI-1920-x-300-px-454-x-324-px.png 454w\" sizes=\"(max-width: 300px) 100vw, 300px\" \/><\/div>\n\t\t<\/a>\n\t\t\t\t<div class=\"elementor-post__text\">\n\t\t\t\t<h3 class=\"elementor-post__title\">\n\t\t\t<a href=\"https:\/\/rocketai.online\/es\/como-los-consultorios-medicos-estan-reduciendo-cancelaciones-integrando-automatizacion-en-apps-de-mensajeria-whatsapp-messenger-e-instagram\/\" target=&quot;_blank&quot;>\n\t\t\t\tC\u00f3mo los consultorios m\u00e9dicos est\u00e1n reduciendo cancelaciones integrando automatizaci\u00f3n en apps de mensajer\u00eda (WhatsApp, Messenger e Instagram)\t\t\t<\/a>\n\t\t<\/h3>\n\t\t\t\t<div class=\"elementor-post__meta-data\">\n\t\t\t\t\t<span class=\"elementor-post-date\">\n\t\t\tmayo 17, 2025\t\t<\/span>\n\t\t\t\t<\/div>\n\t\t\t\t\t<div class=\"elementor-post__read-more-wrapper\">\n\t\t\n\t\t<a class=\"elementor-post__read-more\" href=\"https:\/\/rocketai.online\/es\/como-los-consultorios-medicos-estan-reduciendo-cancelaciones-integrando-automatizacion-en-apps-de-mensajeria-whatsapp-messenger-e-instagram\/\" aria-label=\"Read more about C\u00f3mo los consultorios m\u00e9dicos est\u00e1n reduciendo cancelaciones integrando automatizaci\u00f3n en apps de mensajer\u00eda (WhatsApp, Messenger e Instagram)\" tabindex=\"-1\" target=\"_blank\">\n\t\t\tLeer m\u00e1s &gt;&gt;\t\t<\/a>\n\n\t\t\t\t\t<\/div>\n\t\t\t\t<\/div>\n\t\t\t\t<\/article>\n\t\t\t\t<article class=\"elementor-post elementor-grid-item post-1133 post type-post status-publish format-standard has-post-thumbnail hentry category-uncategorized\">\n\t\t\t\t<a class=\"elementor-post__thumbnail__link\" href=\"https:\/\/rocketai.online\/es\/automatizacion-atencion-cliente-whatsapp-instagram\/\" tabindex=\"-1\" target=&quot;_blank&quot;>\n\t\t\t<div class=\"elementor-post__thumbnail\"><img decoding=\"async\" width=\"300\" height=\"214\" src=\"https:\/\/rocketai.online\/wp-content\/uploads\/2025\/05\/img-de-portada-300x214.png\" class=\"attachment-medium size-medium wp-image-1136\" alt=\"\" srcset=\"https:\/\/rocketai.online\/wp-content\/uploads\/2025\/05\/img-de-portada-300x214.png 300w, https:\/\/rocketai.online\/wp-content\/uploads\/2025\/05\/img-de-portada-18x12.png 18w, https:\/\/rocketai.online\/wp-content\/uploads\/2025\/05\/img-de-portada.png 454w\" sizes=\"(max-width: 300px) 100vw, 300px\" \/><\/div>\n\t\t<\/a>\n\t\t\t\t<div class=\"elementor-post__text\">\n\t\t\t\t<h3 class=\"elementor-post__title\">\n\t\t\t<a href=\"https:\/\/rocketai.online\/es\/automatizacion-atencion-cliente-whatsapp-instagram\/\" target=&quot;_blank&quot;>\n\t\t\t\tC\u00f3mo est\u00e1n evolucionando las empresas gracias a la automatizaci\u00f3n con inteligencia artificial.\t\t\t<\/a>\n\t\t<\/h3>\n\t\t\t\t<div class=\"elementor-post__meta-data\">\n\t\t\t\t\t<span class=\"elementor-post-date\">\n\t\t\tmayo 14, 2025\t\t<\/span>\n\t\t\t\t<\/div>\n\t\t\t\t\t<div class=\"elementor-post__read-more-wrapper\">\n\t\t\n\t\t<a class=\"elementor-post__read-more\" href=\"https:\/\/rocketai.online\/es\/automatizacion-atencion-cliente-whatsapp-instagram\/\" aria-label=\"Read more about C\u00f3mo est\u00e1n evolucionando las empresas gracias a la automatizaci\u00f3n con inteligencia artificial.\" tabindex=\"-1\" target=\"_blank\">\n\t\t\tLeer m\u00e1s &gt;&gt;\t\t<\/a>\n\n\t\t\t\t\t<\/div>\n\t\t\t\t<\/div>\n\t\t\t\t<\/article>\n\t\t\t\t<\/div>\n\t\t\n\t\t\t\t\t\t<\/div>\n\t\t\t\t<\/div>\n\t\t\t\t\t<\/div>\n\t\t\t\t<\/div>\n\t\t\t\t<\/div>\n\t\t","protected":false},"excerpt":{"rendered":"<p>Blog<\/p>\n","protected":false},"author":2,"featured_media":0,"parent":0,"menu_order":0,"comment_status":"closed","ping_status":"closed","template":"","meta":{"footnotes":""},"class_list":["post-1208","page","type-page","status-publish","hentry"],"yoast_head":"<!-- This site is optimized with the Yoast SEO Premium plugin v22.8 (Yoast SEO v25.3) - https:\/\/yoast.com\/wordpress\/plugins\/seo\/ -->\n<title>Blog - Rocket AI<\/title>\n<meta name=\"robots\" content=\"index, follow, max-snippet:-1, max-image-preview:large, max-video-preview:-1\" \/>\n<link rel=\"canonical\" href=\"https:\/\/rocketai.online\/es\/blog\/\" \/>\n<meta property=\"og:locale\" content=\"es_ES\" \/>\n<meta property=\"og:type\" content=\"article\" \/>\n<meta property=\"og:title\" content=\"Blog\" \/>\n<meta property=\"og:description\" content=\"Blog\" \/>\n<meta property=\"og:url\" content=\"https:\/\/rocketai.online\/es\/blog\/\" \/>\n<meta property=\"og:site_name\" content=\"Rocket AI\" \/>\n<meta property=\"article:modified_time\" content=\"2025-05-19T12:39:05+00:00\" \/>\n<meta name=\"twitter:card\" content=\"summary_large_image\" \/>\n<meta name=\"twitter:label1\" content=\"Tiempo de lectura\" \/>\n\t<meta name=\"twitter:data1\" content=\"1 minuto\" \/>\n<script type=\"application\/ld+json\" class=\"yoast-schema-graph\">{\"@context\":\"https:\/\/schema.org\",\"@graph\":[{\"@type\":\"WebPage\",\"@id\":\"https:\/\/rocketai.online\/blog\/\",\"url\":\"https:\/\/rocketai.online\/blog\/\",\"name\":\"Blog - Rocket AI\",\"isPartOf\":{\"@id\":\"https:\/\/rocketai.online\/es\/#website\"},\"datePublished\":\"2025-05-19T12:33:59+00:00\",\"dateModified\":\"2025-05-19T12:39:05+00:00\",\"breadcrumb\":{\"@id\":\"https:\/\/rocketai.online\/blog\/#breadcrumb\"},\"inLanguage\":\"es\",\"potentialAction\":[{\"@type\":\"ReadAction\",\"target\":[\"https:\/\/rocketai.online\/blog\/\"]}]},{\"@type\":\"BreadcrumbList\",\"@id\":\"https:\/\/rocketai.online\/blog\/#breadcrumb\",\"itemListElement\":[{\"@type\":\"ListItem\",\"position\":1,\"name\":\"Portada\",\"item\":\"https:\/\/rocketai.online\/en\/\"},{\"@type\":\"ListItem\",\"position\":2,\"name\":\"Blog\"}]},{\"@type\":\"WebSite\",\"@id\":\"https:\/\/rocketai.online\/es\/#website\",\"url\":\"https:\/\/rocketai.online\/es\/\",\"name\":\"Rocket AI\",\"description\":\"\",\"potentialAction\":[{\"@type\":\"SearchAction\",\"target\":{\"@type\":\"EntryPoint\",\"urlTemplate\":\"https:\/\/rocketai.online\/es\/?s={search_term_string}\"},\"query-input\":{\"@type\":\"PropertyValueSpecification\",\"valueRequired\":true,\"valueName\":\"search_term_string\"}}],\"inLanguage\":\"es\"}]}<\/script>\n<!-- \/ Yoast SEO Premium plugin. -->","yoast_head_json":{"title":"Blog - Rocket AI","robots":{"index":"index","follow":"follow","max-snippet":"max-snippet:-1","max-image-preview":"max-image-preview:large","max-video-preview":"max-video-preview:-1"},"canonical":"https:\/\/rocketai.online\/es\/blog\/","og_locale":"es_ES","og_type":"article","og_title":"Blog","og_description":"Blog","og_url":"https:\/\/rocketai.online\/es\/blog\/","og_site_name":"Rocket AI","article_modified_time":"2025-05-19T12:39:05+00:00","twitter_card":"summary_large_image","twitter_misc":{"Tiempo de lectura":"1 minuto"},"schema":{"@context":"https:\/\/schema.org","@graph":[{"@type":"WebPage","@id":"https:\/\/rocketai.online\/blog\/","url":"https:\/\/rocketai.online\/blog\/","name":"Blog - Rocket AI","isPartOf":{"@id":"https:\/\/rocketai.online\/es\/#website"},"datePublished":"2025-05-19T12:33:59+00:00","dateModified":"2025-05-19T12:39:05+00:00","breadcrumb":{"@id":"https:\/\/rocketai.online\/blog\/#breadcrumb"},"inLanguage":"es","potentialAction":[{"@type":"ReadAction","target":["https:\/\/rocketai.online\/blog\/"]}]},{"@type":"BreadcrumbList","@id":"https:\/\/rocketai.online\/blog\/#breadcrumb","itemListElement":[{"@type":"ListItem","position":1,"name":"Portada","item":"https:\/\/rocketai.online\/en\/"},{"@type":"ListItem","position":2,"name":"Blog"}]},{"@type":"WebSite","@id":"https:\/\/rocketai.online\/es\/#website","url":"https:\/\/rocketai.online\/es\/","name":"Rocket AI","description":"","potentialAction":[{"@type":"SearchAction","target":{"@type":"EntryPoint","urlTemplate":"https:\/\/rocketai.online\/es\/?s={search_term_string}"},"query-input":{"@type":"PropertyValueSpecification","valueRequired":true,"valueName":"search_term_string"}}],"inLanguage":"es"}]}},"_links":{"self":[{"href":"https:\/\/rocketai.online\/es\/wp-json\/wp\/v2\/pages\/1208","targetHints":{"allow":["GET"]}}],"collection":[{"href":"https:\/\/rocketai.online\/es\/wp-json\/wp\/v2\/pages"}],"about":[{"href":"https:\/\/rocketai.online\/es\/wp-json\/wp\/v2\/types\/page"}],"author":[{"embeddable":true,"href":"https:\/\/rocketai.online\/es\/wp-json\/wp\/v2\/users\/2"}],"replies":[{"embeddable":true,"href":"https:\/\/rocketai.online\/es\/wp-json\/wp\/v2\/comments?post=1208"}],"version-history":[{"count":5,"href":"https:\/\/rocketai.online\/es\/wp-json\/wp\/v2\/pages\/1208\/revisions"}],"predecessor-version":[{"id":1217,"href":"https:\/\/rocketai.online\/es\/wp-json\/wp\/v2\/pages\/1208\/revisions\/1217"}],"wp:attachment":[{"href":"https:\/\/rocketai.online\/es\/wp-json\/wp\/v2\/media?parent=1208"}],"curies":[{"name":"wp","href":"https:\/\/api.w.org\/{rel}","templated":true}]}}